{"id":28,"date":"2024-01-15T09:25:23","date_gmt":"2024-01-15T08:25:23","guid":{"rendered":"https:\/\/www.ateneimmobiliare.com\/new\/?page_id=28"},"modified":"2024-01-15T19:27:08","modified_gmt":"2024-01-15T18:27:08","slug":"vendita","status":"publish","type":"page","link":"https:\/\/www.ateneimmobiliare.com\/new\/vendita\/","title":{"rendered":"vendita"},"content":{"rendered":"\n<p><strong>Comprare e vendere casa pu\u00f2 sembrare un gioco da ragazzi<\/strong>: una volta trovato l\u2019immobile o l\u2019acquirente, si contratta con l\u2019altra parte e si conclude l\u2019affare\u2026 semplice, no?<\/p>\n\n\n\n<p>La verit\u00e0 \u00e8 che il settore della&nbsp;<strong>compravendita immobiliare<\/strong>&nbsp;cela&nbsp;<strong>molte difficolt\u00e0<\/strong>&nbsp;di vario tipo, burocratiche, legislative. Tutti elementi fondamentali da conoscere per evitare di incorrere in numerosi problemi.<\/p>\n\n\n\n<p><strong>Scegliere un\u2019agenzia<\/strong>&nbsp;non significa soltanto liberarsi dallo stress della compravendita (se ti \u00e8 capitato vendere\/comprare casa senza agenzia, sai di cosa parliamo!), ma soprattutto di&nbsp;<strong>evitare di incorrere in numerose complicazioni<\/strong>, che potrebbero causare gravi danni economici e, addirittura, in alcuni casi, giudiziari.<\/p>\n\n\n\n<p>Ma&nbsp;<strong>perch\u00e9 \u00e8 importante affidarsi ad un\u2019agenzia immobiliare per vendere o comprare casa<\/strong>?<\/p>\n\n\n\n<p>Ecco 5 ottimi motivi per farlo!<\/p>\n\n\n\n<h2 class=\"wp-block-heading\">1. Risparmi tempo, denaro, stress<\/h2>\n\n\n\n<figure class=\"wp-block-image\"><img decoding=\"async\" src=\"https:\/\/www.eurekareimmobiliare.com\/wp-content\/uploads\/2021\/11\/perch%C3%A8-affidarsi-a-agenzia-immobiliare-5-motivi.jpg\" alt=\"\" title=\"\"\/><\/figure>\n\n\n\n<p>Guardare una miriade di annunci immobiliari, cercare disperatamente potenziali acquirenti per il tuo immobile\u2026&nbsp;<strong>Nulla di tutto questo ti riguarder\u00e0<\/strong>, se sceglierai di&nbsp;<strong>rivolgerti a professionisti del settore<\/strong>.<\/p>\n\n\n\n<p>Soprattutto nelle situazioni difficili, come ad esempio&nbsp;<a href=\"https:\/\/www.eurekareimmobiliare.com\/2021\/11\/02\/vendere-casa-ereditata-quali-documenti-servono\/\" target=\"_blank\" rel=\"noreferrer noopener\">vendere una casa ereditata<\/a>, oppure trovare un immobile che abbia particolari requisiti, l\u2019agente immobiliare potr\u00e0 offrirti<strong>&nbsp;tutta la sua esperienza<\/strong>&nbsp;per risolvere i problemi pi\u00f9 complessi.<\/p>\n\n\n\n<p>Risultato?&nbsp;<strong>Zero stress<\/strong>, e risparmio di tempo (risorsa preziosa, specialmente quando si ha fretta di comprare o vendere casa!) e di denaro.<\/p>\n\n\n\n<h2 class=\"wp-block-heading\">2. L\u2019agenzia sa valutare il valore reale della casa<\/h2>\n\n\n\n<figure class=\"wp-block-image\"><img decoding=\"async\" src=\"https:\/\/www.eurekareimmobiliare.com\/wp-content\/uploads\/2021\/11\/perch%C3%A8-affidarsi-a-agenzia-immobiliare-5-motivi.png\" alt=\"\" title=\"\"\/><\/figure>\n\n\n\n<p>Sembra contraddittorio, ma&nbsp;<strong>affidarsi ad un agente immobiliare permette di risparmiare denaro<\/strong>. Il motivo principale \u00e8 che collaborando con dei professionisti si riducono drasticamente i tempi di acquisto e vendita.<\/p>\n\n\n\n<p>Eviterai&nbsp;cos\u00ec che l\u2019immobile resti&nbsp;<strong>invenduto<\/strong>&nbsp;per un prezzo troppo alto, o, nel caso opposto, eviterai di acquistare un immobile ad un&nbsp;<strong>prezzo spropositato<\/strong>&nbsp;per il mercato.<\/p>\n\n\n\n<p>Questo perch\u00e9 l\u2019agente immobiliare, essendo un professionista del settore, \u00e8 in grado di&nbsp;<strong>valutare il prezzo corretto per un immobile<\/strong>, per posizionarlo e venderlo in maniera coerente.<\/p>\n\n\n\n<h2 class=\"wp-block-heading\">3. Hai l\u2019intermediazione di esperti specializzati<\/h2>\n\n\n\n<figure class=\"wp-block-image\"><img decoding=\"async\" src=\"https:\/\/www.eurekareimmobiliare.com\/wp-content\/uploads\/2021\/11\/perch%C3%A8-affidarsi-a-agenzia-immobiliare-5-motivi-1.jpg\" alt=\"\" title=\"\"\/><\/figure>\n\n\n\n<p>Oltre alla valutazione corretta dell\u2019immobile, l\u2019agente immobiliare&nbsp;<strong>seguir\u00e0 la trattativa tra le parti<\/strong>, facendo s\u00ec che ogni passaggio rispetti le norme vigenti. Dalla sottoscrizione della proposta di acquisto al versamento della caparra, fino alla definitiva conclusione della trattativa di fronte al notaio.<\/p>\n\n\n\n<p>In altre parole,&nbsp;<strong>il tuo compito sar\u00e0 \u201csoltanto\u201d quello di comprare o vendere casa, senza dover pensare a nulla!<\/strong><\/p>\n\n\n\n<h2 class=\"wp-block-heading\">4. Puoi promuovere al meglio il tuo immobile<\/h2>\n\n\n\n<figure class=\"wp-block-image\"><img decoding=\"async\" src=\"https:\/\/www.eurekareimmobiliare.com\/wp-content\/uploads\/2021\/11\/perch%C3%A8-affidarsi-a-agenzia-immobiliare-5-motiv.png\" alt=\"\" title=\"\"\/><\/figure>\n\n\n\n<p>Una casa magnifica da sola non basta.&nbsp;<strong>Per vendere o comprare un immobile hai bisogno della giusta promozione<\/strong>&nbsp;negli spazi pi\u00f9 adeguati, online ed offline.<\/p>\n\n\n\n<p>Le agenzie immobiliari pi\u00f9 qualificate si occupano anche di questo; grazie alle loro risorse, consentono di raggiungere un\u2019ampia&nbsp;<strong>rete di potenziali clienti<\/strong>&nbsp;e di individuare dunque l\u2019acquirente ideale o la casa perfetta.<\/p>\n\n\n\n<p>Per la corretta promozione del tuo immobile, le agenzie offrono tantissimi servizi: realizzazione delle&nbsp;<strong>fotografie della casa<\/strong>, scrittura e promozione dell\u2019<strong>annuncio<\/strong>, pubblicazione di&nbsp;<strong>campagne di marketing<\/strong>&nbsp;localizzate sul territorio, fino ad arrivare ai&nbsp;<a href=\"https:\/\/www.virpleo.com\/virtual-tour-3d\/\"><strong>virtual tour<\/strong><\/a>, capaci di farti immergere nell\u2019immobile comodamente da un computer, smartphone o tablet!<\/p>\n\n\n\n<h2 class=\"wp-block-heading\">5. Sei tutelato\/a dall\u2019esperienza di professionisti<\/h2>\n\n\n\n<figure class=\"wp-block-image\"><img decoding=\"async\" src=\"https:\/\/www.eurekareimmobiliare.com\/wp-content\/uploads\/2021\/11\/perch%C3%A8-affidarsi-a-agenzia-immobiliare-5-motivi-2.jpg\" alt=\"\" title=\"\"\/><\/figure>\n\n\n\n<p>Infine, non dobbiamo dimenticare un aspetto fondamentale. Rivolgendoti ad un\u2019agenzia, avrai la&nbsp;<strong>garanzia di un professionista<\/strong>&nbsp;che&nbsp;<strong>ti seguir\u00e0 passo per passo nella compravendita<\/strong>.<\/p>\n\n\n\n<p>Ogni fase sar\u00e0 gestita non solo nel rispetto delle normative, ma anche nella tutela dei tuoi diritti e interessi.<\/p>\n\n\n\n<p><em>Stai pensando di affidarti ad un\u2019agenzia per vendere il tuo immobile o trovare la casa dei tuoi sogni? Contattaci gratuitamente: scopri subito cosa possiamo fare per te!<\/em><\/p>\n","protected":false},"excerpt":{"rendered":"<p>Comprare e vendere casa pu\u00f2 sembrare un gioco da ragazzi: una volta trovato l\u2019immobile o l\u2019acquirente, si contratta con l\u2019altra parte e si conclude l\u2019affare\u2026 semplice, no? La verit\u00e0 \u00e8 che il settore della&nbsp;compravendita immobiliare&nbsp;cela&nbsp;molte difficolt\u00e0&nbsp;di vario tipo, burocratiche, legislative. Tutti elementi fondamentali da conoscere per evitare di incorrere in numerosi problemi. Scegliere un\u2019agenzia&nbsp;non significa [&hellip;]<\/p>\n","protected":false},"author":1,"featured_media":0,"parent":0,"menu_order":0,"comment_status":"closed","ping_status":"closed","template":"","meta":{"footnotes":""},"class_list":["post-28","page","type-page","status-publish","hentry"],"_links":{"self":[{"href":"https:\/\/www.ateneimmobiliare.com\/new\/wp-json\/wp\/v2\/pages\/28","targetHints":{"allow":["GET"]}}],"collection":[{"href":"https:\/\/www.ateneimmobiliare.com\/new\/wp-json\/wp\/v2\/pages"}],"about":[{"href":"https:\/\/www.ateneimmobiliare.com\/new\/wp-json\/wp\/v2\/types\/page"}],"author":[{"embeddable":true,"href":"https:\/\/www.ateneimmobiliare.com\/new\/wp-json\/wp\/v2\/users\/1"}],"replies":[{"embeddable":true,"href":"https:\/\/www.ateneimmobiliare.com\/new\/wp-json\/wp\/v2\/comments?post=28"}],"version-history":[{"count":2,"href":"https:\/\/www.ateneimmobiliare.com\/new\/wp-json\/wp\/v2\/pages\/28\/revisions"}],"predecessor-version":[{"id":117,"href":"https:\/\/www.ateneimmobiliare.com\/new\/wp-json\/wp\/v2\/pages\/28\/revisions\/117"}],"wp:attachment":[{"href":"https:\/\/www.ateneimmobiliare.com\/new\/wp-json\/wp\/v2\/media?parent=28"}],"curies":[{"name":"wp","href":"https:\/\/api.w.org\/{rel}","templated":true}]}}